{"id":2973,"date":"2026-02-19T12:15:13","date_gmt":"2026-02-19T12:15:13","guid":{"rendered":"https:\/\/comercialdesondeos.com\/?post_type=product&#038;p=2973"},"modified":"2026-02-19T12:16:46","modified_gmt":"2026-02-19T12:16:46","slug":"barra-autoperforante","status":"publish","type":"product","link":"https:\/\/comercialdesondeos.com\/en\/product\/barra-autoperforante\/","title":{"rendered":"Self-drilling bar"},"content":{"rendered":"<p>Barra autoperforante de acero de alta resistencia dise\u00f1ada para perforar, inyectar y anclar en una sola operaci\u00f3n. Incorpora perforaci\u00f3n con broca perdida y permite la inyecci\u00f3n de lechada de cemento a trav\u00e9s de su interior hueco, optimizando tiempos de ejecuci\u00f3n en terrenos inestables o de dif\u00edcil consolidaci\u00f3n.<\/p>\n<p>Precio por metro.<\/p>","protected":false},"excerpt":{"rendered":"<p>Barra autoperforante de acero de alta resistencia dise\u00f1ada para perforar, inyectar y anclar en una sola operaci\u00f3n. Incorpora perforaci\u00f3n con broca perdida y permite la inyecci\u00f3n de lechada de cemento a trav\u00e9s de su interior hueco, optimizando tiempos de ejecuci\u00f3n en terrenos inestables o de dif\u00edcil consolidaci\u00f3n. Precio por metro.<\/p>","protected":false},"featured_media":2371,"comment_status":"open","ping_status":"closed","template":"","meta":[],"product_brand":[],"product_cat":[25],"product_tag":[],"class_list":{"0":"post-2973","1":"product","2":"type-product","3":"status-publish","4":"has-post-thumbnail","6":"product_cat-sin-categorizar","8":"first","9":"instock","10":"shipping-taxable","11":"purchasable","12":"product-type-simple"},"_links":{"self":[{"href":"https:\/\/comercialdesondeos.com\/en\/wp-json\/wp\/v2\/product\/2973","targetHints":{"allow":["GET"]}}],"collection":[{"href":"https:\/\/comercialdesondeos.com\/en\/wp-json\/wp\/v2\/product"}],"about":[{"href":"https:\/\/comercialdesondeos.com\/en\/wp-json\/wp\/v2\/types\/product"}],"replies":[{"embeddable":true,"href":"https:\/\/comercialdesondeos.com\/en\/wp-json\/wp\/v2\/comments?post=2973"}],"wp:featuredmedia":[{"embeddable":true,"href":"https:\/\/comercialdesondeos.com\/en\/wp-json\/wp\/v2\/media\/2371"}],"wp:attachment":[{"href":"https:\/\/comercialdesondeos.com\/en\/wp-json\/wp\/v2\/media?parent=2973"}],"wp:term":[{"taxonomy":"product_brand","embeddable":true,"href":"https:\/\/comercialdesondeos.com\/en\/wp-json\/wp\/v2\/product_brand?post=2973"},{"taxonomy":"product_cat","embeddable":true,"href":"https:\/\/comercialdesondeos.com\/en\/wp-json\/wp\/v2\/product_cat?post=2973"},{"taxonomy":"product_tag","embeddable":true,"href":"https:\/\/comercialdesondeos.com\/en\/wp-json\/wp\/v2\/product_tag?post=2973"}],"curies":[{"name":"wp","href":"https:\/\/api.w.org\/{rel}","templated":true}]}}