{"id":2976,"date":"2026-02-19T12:18:55","date_gmt":"2026-02-19T12:18:55","guid":{"rendered":"https:\/\/comercialdesondeos.com\/?post_type=product&#038;p=2976"},"modified":"2026-02-19T12:19:35","modified_gmt":"2026-02-19T12:19:35","slug":"anclajes-de-cable","status":"publish","type":"product","link":"https:\/\/comercialdesondeos.com\/en\/product\/anclajes-de-cable\/","title":{"rendered":"Anclajes de Cable"},"content":{"rendered":"<p>Anclajes de cable de alta resistencia dise\u00f1ados para estabilizar terrenos, muros y estructuras. Conformados por cable de acero estructural y accesorios (tubos gu\u00eda, bombines, placas de anclaje y tuercas), permiten transmitir esfuerzos de tracci\u00f3n al terreno. Se adaptan a proyectos de sostenimiento de taludes, anclajes temporales o permanentes y refuerzos geot\u00e9cnicos.<\/p>\n<p>Precio por metro.<\/p>","protected":false},"excerpt":{"rendered":"<p>Anclajes de cable de alta resistencia dise\u00f1ados para estabilizar terrenos, muros y estructuras. Conformados por cable de acero estructural y accesorios (tubos gu\u00eda, bombines, placas de anclaje y tuercas), permiten transmitir esfuerzos de tracci\u00f3n al terreno. Se adaptan a proyectos de sostenimiento de taludes, anclajes temporales o permanentes y refuerzos geot\u00e9cnicos. Precio por metro.<\/p>","protected":false},"featured_media":2368,"comment_status":"open","ping_status":"closed","template":"","meta":[],"product_brand":[],"product_cat":[25],"product_tag":[],"class_list":{"0":"post-2976","1":"product","2":"type-product","3":"status-publish","4":"has-post-thumbnail","6":"product_cat-sin-categorizar","8":"first","9":"instock","10":"shipping-taxable","11":"purchasable","12":"product-type-simple"},"_links":{"self":[{"href":"https:\/\/comercialdesondeos.com\/en\/wp-json\/wp\/v2\/product\/2976","targetHints":{"allow":["GET"]}}],"collection":[{"href":"https:\/\/comercialdesondeos.com\/en\/wp-json\/wp\/v2\/product"}],"about":[{"href":"https:\/\/comercialdesondeos.com\/en\/wp-json\/wp\/v2\/types\/product"}],"replies":[{"embeddable":true,"href":"https:\/\/comercialdesondeos.com\/en\/wp-json\/wp\/v2\/comments?post=2976"}],"wp:featuredmedia":[{"embeddable":true,"href":"https:\/\/comercialdesondeos.com\/en\/wp-json\/wp\/v2\/media\/2368"}],"wp:attachment":[{"href":"https:\/\/comercialdesondeos.com\/en\/wp-json\/wp\/v2\/media?parent=2976"}],"wp:term":[{"taxonomy":"product_brand","embeddable":true,"href":"https:\/\/comercialdesondeos.com\/en\/wp-json\/wp\/v2\/product_brand?post=2976"},{"taxonomy":"product_cat","embeddable":true,"href":"https:\/\/comercialdesondeos.com\/en\/wp-json\/wp\/v2\/product_cat?post=2976"},{"taxonomy":"product_tag","embeddable":true,"href":"https:\/\/comercialdesondeos.com\/en\/wp-json\/wp\/v2\/product_tag?post=2976"}],"curies":[{"name":"wp","href":"https:\/\/api.w.org\/{rel}","templated":true}]}}