{"id":2463,"date":"2026-01-14T16:58:57","date_gmt":"2026-01-14T16:58:57","guid":{"rendered":"https:\/\/comercialdesondeos.com\/?page_id=2463"},"modified":"2026-01-14T17:12:27","modified_gmt":"2026-01-14T17:12:27","slug":"durabilite","status":"publish","type":"page","link":"https:\/\/comercialdesondeos.com\/fr\/durabilite\/","title":{"rendered":"Durabilit\u00e9"},"content":{"rendered":"<style>.elementor-2463 .elementor-element.elementor-element-761f607{--display:flex;--padding-top:0px;--padding-bottom:0px;--padding-left:24px;--padding-right:24px;}.elementor-2463 .elementor-element.elementor-element-26c5d78{--display:flex;--flex-direction:row;--container-widget-width:calc( ( 1 - var( --container-widget-flex-grow ) ) * 100% );--container-widget-height:100%;--container-widget-flex-grow:1;--container-widget-align-self:stretch;--flex-wrap-mobile:wrap;--justify-content:space-between;--align-items:flex-end;--overlay-opacity:1;--border-radius:24px 24px 24px 24px;--padding-top:80px;--padding-bottom:80px;--padding-left:56px;--padding-right:56px;}.elementor-2463 .elementor-element.elementor-element-26c5d78 .elementor-background-slideshow__slide__image{background-size:cover;background-position:center center;}.elementor-2463 .elementor-element.elementor-element-26c5d78::before, .elementor-2463 .elementor-element.elementor-element-26c5d78 > .elementor-background-video-container::before, .elementor-2463 .elementor-element.elementor-element-26c5d78 > .e-con-inner > .elementor-background-video-container::before, .elementor-2463 .elementor-element.elementor-element-26c5d78 > .elementor-background-slideshow::before, .elementor-2463 .elementor-element.elementor-element-26c5d78 > .e-con-inner > .elementor-background-slideshow::before, .elementor-2463 .elementor-element.elementor-element-26c5d78 > .elementor-motion-effects-container > .elementor-motion-effects-layer::before{--background-overlay:'';background-color:transparent;background-image:linear-gradient(290deg, var( --e-global-color-accent ) 0%, #010813 95%);}.elementor-2463 .elementor-element.elementor-element-26c5d78::before{filter:brightness( 100% ) contrast( 100% ) saturate( 100% ) blur( 0px ) hue-rotate( 0deg );}.elementor-2463 .elementor-element.elementor-element-33e08ac{--display:flex;--min-height:800px;--flex-direction:column;--container-widget-width:calc( ( 1 - var( --container-widget-flex-grow ) ) * 100% );--container-widget-height:initial;--container-widget-flex-grow:0;--container-widget-align-self:initial;--flex-wrap-mobile:wrap;--justify-content:space-between;--align-items:flex-start;--gap:150px 150px;--row-gap:150px;--column-gap:150px;--overlay-opacity:0.5;--padding-top:0px;--padding-bottom:0px;--padding-left:0px;--padding-right:0px;}.elementor-2463 .elementor-element.elementor-element-33e08ac:not(.elementor-motion-effects-element-type-background), .elementor-2463 .elementor-element.elementor-element-33e08ac > .elementor-motion-effects-container > .elementor-motion-effects-layer{background-color:#02010100;}.elementor-2463 .elementor-element.elementor-element-33e08ac::before, .elementor-2463 .elementor-element.elementor-element-33e08ac > .elementor-background-video-container::before, .elementor-2463 .elementor-element.elementor-element-33e08ac > .e-con-inner > .elementor-background-video-container::before, .elementor-2463 .elementor-element.elementor-element-33e08ac > .elementor-background-slideshow::before, .elementor-2463 .elementor-element.elementor-element-33e08ac > .e-con-inner > .elementor-background-slideshow::before, .elementor-2463 .elementor-element.elementor-element-33e08ac > .elementor-motion-effects-container > .elementor-motion-effects-layer::before{--background-overlay:'';}.elementor-2463 .elementor-element.elementor-element-33e08ac.elementor-element.e-flex::before{content:\"\";width:100%;height:100%;position:absolute;left:0;top:0;-webkit-backdrop-filter:blur(0px);backdrop-filter:blur(0px);border-radius:inherit;background-color:inherit;}.elementor-2463 .elementor-element.elementor-element-8223192{--display:flex;--flex-direction:column;--container-widget-width:calc( ( 1 - var( --container-widget-flex-grow ) ) * 100% );--container-widget-height:initial;--container-widget-flex-grow:0;--container-widget-align-self:initial;--flex-wrap-mobile:wrap;--align-items:flex-start;--border-radius:25px 25px 25px 25px;--padding-top:20px;--padding-bottom:20px;--padding-left:15px;--padding-right:15px;}.elementor-2463 .elementor-element.elementor-element-8223192.e-con{--align-self:flex-start;}.elementor-2463 .elementor-element.elementor-element-8223192.elementor-element.e-flex::before{content:\"\";width:100%;height:100%;position:absolute;left:0;top:0;-webkit-backdrop-filter:blur(4.1px);backdrop-filter:blur(4.1px);border-radius:inherit;background-color:inherit;}.elementor-2463 .elementor-element.elementor-element-4533f9e{text-align:start;padding:4px 16px 4px 16px;background-color:var( --e-global-color-602e3a6 );border-radius:100px 100px 100px 100px;}.elementor-2463 .elementor-element.elementor-element-4533f9e .elementor-heading-title{font-family:var( --e-global-typography-accent-font-family ), Sans-serif;font-size:var( --e-global-typography-accent-font-size );font-weight:var( --e-global-typography-accent-font-weight );text-transform:var( --e-global-typography-accent-text-transform );text-decoration:var( --e-global-typography-accent-text-decoration );line-height:var( --e-global-typography-accent-line-height );letter-spacing:var( --e-global-typography-accent-letter-spacing );color:var( --e-global-color-0ce6270 );}.elementor-2463 .elementor-element.elementor-element-355dd7e .elementskit-section-title-wraper .elementskit-section-title{color:var( --e-global-color-0ce6270 );text-shadow:0px 0px 10px rgba(0,0,0,0.3);margin:0px 0px 0px 0px;font-family:\"Manrope\", Sans-serif;font-size:71px;font-weight:600;text-transform:none;text-decoration:none;line-height:106px;}.elementor-2463 .elementor-element.elementor-element-355dd7e .elementskit-section-title-wraper .elementskit-section-title:hover{color:var( --e-global-color-0ce6270 );}.elementor-2463 .elementor-element.elementor-element-355dd7e .elementskit-section-title-wraper .elementskit-section-title > span{color:#3871b8;padding:0px 0px 0px 0px;}.elementor-2463 .elementor-element.elementor-element-355dd7e .elementskit-section-title-wraper .elementskit-section-title:hover > span{color:var( --e-global-color-c4fb693 );}.elementor-2463 .elementor-element.elementor-element-cc27c77{text-align:start;font-family:\"Manrope\", Sans-serif;font-size:17px;font-weight:300;text-transform:none;text-decoration:none;line-height:28px;color:#FFFFFF;width:var( --container-widget-width, 88% );max-width:88%;--container-widget-width:88%;--container-widget-flex-grow:0;}.elementor-2463 .elementor-element.elementor-element-cc27c77 p{margin-block-end:8px;}@media(max-width:1024px){.elementor-2463 .elementor-element.elementor-element-26c5d78{--flex-direction:column;--container-widget-width:100%;--container-widget-height:initial;--container-widget-flex-grow:0;--container-widget-align-self:initial;--flex-wrap-mobile:wrap;}.elementor-2463 .elementor-element.elementor-element-33e08ac{--min-height:600px;--gap:80px 80px;--row-gap:80px;--column-gap:80px;}.elementor-2463 .elementor-element.elementor-element-4533f9e .elementor-heading-title{font-size:var( --e-global-typography-accent-font-size );line-height:var( --e-global-typography-accent-line-height );letter-spacing:var( --e-global-typography-accent-letter-spacing );}.elementor-2463 .elementor-element.elementor-element-355dd7e .elementskit-section-title-wraper .elementskit-section-title{font-size:68px;line-height:1.1em;}.elementor-2463 .elementor-element.elementor-element-355dd7e.elementor-widget, .elementor-2463 .elementor-element.elementor-element-355dd7e.elementor-widget > *{position:relative;--jkit-option-enabled:0px;}.elementor-2463 .elementor-element.elementor-element-355dd7e.elementor-widget::before{content:\"\";width:100%;height:100%;position:absolute;left:0;top:0;-webkit-backdrop-filter:blur(0px);backdrop-filter:blur(0px);border-radius:inherit;background-color:inherit;}}@media(max-width:767px){.elementor-2463 .elementor-element.elementor-element-761f607{--padding-top:0px;--padding-bottom:0px;--padding-left:0px;--padding-right:0px;}.elementor-2463 .elementor-element.elementor-element-26c5d78{--padding-top:35px;--padding-bottom:35px;--padding-left:25px;--padding-right:25px;}.elementor-2463 .elementor-element.elementor-element-33e08ac.elementor-element.e-flex::before{content:\"\";width:100%;height:100%;position:absolute;left:0;top:0;-webkit-backdrop-filter:blur(0px);backdrop-filter:blur(0px);border-radius:inherit;background-color:inherit;}.elementor-2463 .elementor-element.elementor-element-8223192{--width:100%;--flex-direction:column;--container-widget-width:calc( ( 1 - var( --container-widget-flex-grow ) ) * 100% );--container-widget-height:initial;--container-widget-flex-grow:0;--container-widget-align-self:initial;--flex-wrap-mobile:wrap;--align-items:flex-start;--padding-top:15px;--padding-bottom:15px;--padding-left:15px;--padding-right:15px;}.elementor-2463 .elementor-element.elementor-element-8223192.elementor-element.e-flex::before{content:\"\";width:100%;height:100%;position:absolute;left:0;top:0;-webkit-backdrop-filter:blur(2.2px);backdrop-filter:blur(2.2px);border-radius:inherit;background-color:inherit;}.elementor-2463 .elementor-element.elementor-element-4533f9e .elementor-heading-title{font-size:var( --e-global-typography-accent-font-size );line-height:var( --e-global-typography-accent-line-height );letter-spacing:var( --e-global-typography-accent-letter-spacing );}.elementor-2463 .elementor-element.elementor-element-355dd7e .elementskit-section-title-wraper .elementskit-section-title{margin:0px 0px 0px 0px;font-size:29px;line-height:42px;}}@media(min-width:768px){.elementor-2463 .elementor-element.elementor-element-33e08ac{--width:100%;}}@media(max-width:1024px) and (min-width:768px){.elementor-2463 .elementor-element.elementor-element-33e08ac{--width:100%;}.elementor-2463 .elementor-element.elementor-element-8223192{--width:100%;}}\/* Start custom CSS for text-editor, class: .elementor-element-cc27c77 *\/.elementor-2463 .elementor-element.elementor-element-cc27c77 h2{color:white;font-size:34px;}\/* End custom CSS *\/<\/style>\t\t<div data-elementor-type=\"wp-page\" data-elementor-id=\"2463\" class=\"elementor elementor-2463\" data-elementor-post-type=\"page\">\n\t\t\t\t<div class=\"elementor-element elementor-element-761f607 e-con-full e-flex e-con e-child\" data-id=\"761f607\" data-element_type=\"container\" data-e-type=\"container\">\n\t\t<div class=\"elementor-element elementor-element-26c5d78 e-con-full e-flex e-con e-child\" data-id=\"26c5d78\" data-element_type=\"container\" data-e-type=\"container\" data-settings=\"{&quot;background_background&quot;:&quot;slideshow&quot;,&quot;background_slideshow_gallery&quot;:[{&quot;id&quot;:2307,&quot;url&quot;:&quot;https:\\\/\\\/comercialdesondeos.com\\\/wp-content\\\/uploads\\\/2025\\\/12\\\/almacen-tubos-hero-2.jpg&quot;},{&quot;id&quot;:2309,&quot;url&quot;:&quot;https:\\\/\\\/comercialdesondeos.com\\\/wp-content\\\/uploads\\\/2025\\\/12\\\/hero-image-4.jpg&quot;},{&quot;id&quot;:2308,&quot;url&quot;:&quot;https:\\\/\\\/comercialdesondeos.com\\\/wp-content\\\/uploads\\\/2025\\\/12\\\/almacen-tubos-hero-1.jpg&quot;},{&quot;id&quot;:2313,&quot;url&quot;:&quot;https:\\\/\\\/comercialdesondeos.com\\\/wp-content\\\/uploads\\\/2025\\\/12\\\/hero-image-5.jpg&quot;}],&quot;background_slideshow_lazyload&quot;:&quot;yes&quot;,&quot;background_slideshow_ken_burns&quot;:&quot;yes&quot;,&quot;background_slideshow_loop&quot;:&quot;yes&quot;,&quot;background_slideshow_slide_duration&quot;:5000,&quot;background_slideshow_slide_transition&quot;:&quot;fade&quot;,&quot;background_slideshow_transition_duration&quot;:500,&quot;background_slideshow_ken_burns_zoom_direction&quot;:&quot;in&quot;}\">\n\t\t<div class=\"elementor-element elementor-element-33e08ac e-con-full e-flex e-con e-child\" data-id=\"33e08ac\" data-element_type=\"container\" data-e-type=\"container\" data-settings=\"{&quot;background_background&quot;:&quot;classic&quot;}\">\n\t\t<div class=\"elementor-element elementor-element-8223192 e-con-full e-flex e-con e-child\" data-id=\"8223192\" data-element_type=\"container\" data-e-type=\"container\">\n\t\t\t\t<div class=\"elementor-element elementor-element-4533f9e elementor-widget elementor-widget-heading\" data-id=\"4533f9e\" data-element_type=\"widget\" data-e-type=\"widget\" data-widget_type=\"heading.default\">\n\t\t\t\t\t<div class=\"elementor-heading-title elementor-size-default\">Distribuci\u00f3n Mundial De Tuber\u00eda Industrial<\/div>\t\t\t\t<\/div>\n\t\t\t\t<div class=\"elementor-element elementor-element-355dd7e elementor-widget elementor-widget-elementskit-heading\" data-id=\"355dd7e\" data-element_type=\"widget\" data-e-type=\"widget\" data-widget_type=\"elementskit-heading.default\">\n\t\t\t\t\t<div class=\"ekit-wid-con\" ><div class=\"ekit-heading elementskit-section-title-wraper text_left   ekit_heading_tablet-   ekit_heading_mobile-\"><h1 class=\"ekit-heading--title elementskit-section-title \">COMPROMISO CON LA SOSTENIBILIDAD<\/h1><\/div><\/div>\t\t\t\t<\/div>\n\t\t\t\t<div class=\"elementor-element elementor-element-cc27c77 elementor-widget__width-initial elementor-widget elementor-widget-text-editor\" data-id=\"cc27c77\" data-element_type=\"widget\" data-e-type=\"widget\" data-widget_type=\"text-editor.default\">\n\t\t\t\t\t\t\t\t\t<p style=\"font-weight: 400;\">En Comercial de Sondeos entendemos la sostenibilidad como un compromiso integral que abarca responsabilidad ambiental, social y de buen gobierno corporativo.<\/p><h2 style=\"font-weight: 400;\">Responsabilidad Ambiental<\/h2><p style=\"font-weight: 400;\">Trabajamos con acero y productos met\u00e1licos, materiales 100% reciclables que pueden reutilizarse indefinidamente sin perder sus propiedades. Optimizamos nuestras operaciones log\u00edsticas para reducir emisiones mediante la consolidaci\u00f3n eficiente de cargas y la coordinaci\u00f3n directa con puertos espa\u00f1oles. Comercializamos productos duraderos que contribuyen a infraestructuras de larga vida \u00fatil.<\/p><h2 style=\"font-weight: 400;\">Compromiso Social<\/h2><p style=\"font-weight: 400;\">Garantizamos condiciones laborales dignas y seguras para todo nuestro equipo, cumpliendo rigurosamente con la normativa espa\u00f1ola de prevenci\u00f3n de riesgos laborales y los convenios colectivos aplicables. Invertimos en la formaci\u00f3n continua de nuestros empleados y fomentamos un ambiente de trabajo basado en el respeto, la igualdad de oportunidades y la no discriminaci\u00f3n.<\/p><h2 style=\"font-weight: 400;\">Buen Gobierno y \u00c9tica<\/h2><p style=\"font-weight: 400;\">Operamos con total transparencia y cumplimiento normativo en todas nuestras actividades comerciales, aduaneras y fiscales. Mantenemos relaciones comerciales basadas en la honestidad, el cumplimiento contractual y el respeto mutuo con proveedores, clientes y socios. Rechazamos cualquier pr\u00e1ctica corrupta y exigimos los m\u00e1s altos est\u00e1ndares de integridad en todas nuestras operaciones internacionales.<\/p><h2 style=\"font-weight: 400;\">Mejora Continua<\/h2><p style=\"font-weight: 400;\">Nuestro compromiso con la sostenibilidad es un proceso de mejora constante. Trabajamos para integrar criterios de responsabilidad en todas nuestras decisiones empresariales.<\/p>\t\t\t\t\t\t\t\t<\/div>\n\t\t\t\t<\/div>\n\t\t\t\t<\/div>\n\t\t\t\t<\/div>\n\t\t\t\t<\/div>\n\t\t\t\t<\/div>\n\t\t","protected":false},"excerpt":{"rendered":"<p>Distribuci\u00f3n Mundial De Tuber\u00eda Industrial COMPROMISO CON LA SOSTENIBILIDAD En Comercial de Sondeos entendemos la sostenibilidad como un compromiso integral que abarca responsabilidad ambiental, social y de buen gobierno corporativo. Responsabilidad Ambiental Trabajamos con acero y productos met\u00e1licos, materiales 100% reciclables que pueden reutilizarse indefinidamente sin perder sus propiedades. Optimizamos nuestras operaciones log\u00edsticas para reducir [&hellip;]<\/p>\n","protected":false},"author":1,"featured_media":0,"parent":0,"menu_order":0,"comment_status":"closed","ping_status":"closed","template":"","meta":{"footnotes":""},"class_list":["post-2463","page","type-page","status-publish","hentry"],"_links":{"self":[{"href":"https:\/\/comercialdesondeos.com\/fr\/wp-json\/wp\/v2\/pages\/2463","targetHints":{"allow":["GET"]}}],"collection":[{"href":"https:\/\/comercialdesondeos.com\/fr\/wp-json\/wp\/v2\/pages"}],"about":[{"href":"https:\/\/comercialdesondeos.com\/fr\/wp-json\/wp\/v2\/types\/page"}],"author":[{"embeddable":true,"href":"https:\/\/comercialdesondeos.com\/fr\/wp-json\/wp\/v2\/users\/1"}],"replies":[{"embeddable":true,"href":"https:\/\/comercialdesondeos.com\/fr\/wp-json\/wp\/v2\/comments?post=2463"}],"version-history":[{"count":7,"href":"https:\/\/comercialdesondeos.com\/fr\/wp-json\/wp\/v2\/pages\/2463\/revisions"}],"predecessor-version":[{"id":2473,"href":"https:\/\/comercialdesondeos.com\/fr\/wp-json\/wp\/v2\/pages\/2463\/revisions\/2473"}],"wp:attachment":[{"href":"https:\/\/comercialdesondeos.com\/fr\/wp-json\/wp\/v2\/media?parent=2463"}],"curies":[{"name":"wp","href":"https:\/\/api.w.org\/{rel}","templated":true}]}}