{"id":2757,"date":"2026-01-17T05:37:06","date_gmt":"2026-01-17T05:37:06","guid":{"rendered":"https:\/\/comercialdesondeos.com\/?page_id=2757"},"modified":"2026-01-17T05:37:06","modified_gmt":"2026-01-17T05:37:06","slug":"avis-juridique","status":"publish","type":"page","link":"https:\/\/comercialdesondeos.com\/fr\/avis-juridique\/","title":{"rendered":"Avis juridique"},"content":{"rendered":"<p>Ce site web, y compris, mais sans s&#039;y limiter, sa programmation, son \u00e9dition, sa compilation, sa conception, ses logos, ses textes et\/ou ses \u00e9l\u00e9ments graphiques, est la propri\u00e9t\u00e9 de son auteur et est prot\u00e9g\u00e9 par les lois nationales et internationales relatives \u00e0 la propri\u00e9t\u00e9 intellectuelle et industrielle. L&#039;acc\u00e8s au site web ne conf\u00e8re aucun droit de propri\u00e9t\u00e9 \u00e0 l&#039;utilisateur.<\/p>\n<p>COMERCIAL DE SONDEOS, SL, soit directement, soit en tant que cessionnaire, d\u00e9tient tous les droits de propri\u00e9t\u00e9 intellectuelle et industrielle sur son site web, ainsi que sur les \u00e9l\u00e9ments qui y sont contenus (y compris, mais sans s&#039;y limiter, les images, les sons, les fichiers audio, les vid\u00e9os, les logiciels ou les textes ; les marques de commerce ou les logos, les combinaisons de couleurs, la structure et le design, la s\u00e9lection des mat\u00e9riaux utilis\u00e9s, les programmes informatiques n\u00e9cessaires \u00e0 son fonctionnement, \u00e0 son acc\u00e8s et \u00e0 son utilisation, etc.).<\/p>\n<p>Conform\u00e9ment aux dispositions de la loi sur la propri\u00e9t\u00e9 intellectuelle, la reproduction, la distribution et la communication publique, y compris la mise \u00e0 disposition, de tout ou partie du contenu de ce site web \u00e0 des fins commerciales, sur tout support et par tout moyen technique, sont express\u00e9ment interdites sans l&#039;autorisation de COMERCIAL DE SONDEOS, SL. Tous droits r\u00e9serv\u00e9s.<\/p>\n<p>L\u2019UTILISATEUR s\u2019engage \u00e0 respecter les droits de propri\u00e9t\u00e9 intellectuelle et industrielle d\u00e9tenus par COMERCIAL DE SONDEOS, SL. L\u2019UTILISATEUR peut consulter les \u00e9l\u00e9ments du portail et m\u00eame les imprimer, les copier et les stocker sur le disque dur de son ordinateur ou sur tout autre support physique, \u00e0 condition que ce soit uniquement et exclusivement pour son usage personnel et priv\u00e9.<\/p>\n<p>L\u2019UTILISATEUR doit s\u2019abstenir de supprimer, modifier, contourner ou manipuler tout dispositif de protection ou syst\u00e8me de s\u00e9curit\u00e9 pouvant \u00eatre install\u00e9 sur les pages.<\/p>\n<p>L\u2019utilisation de noms de tiers est express\u00e9ment autoris\u00e9e par leurs propri\u00e9taires ; par cons\u00e9quent, le fournisseur n\u2019est pas responsable des litiges qui pourraient survenir \u00e0 leur sujet et proc\u00e9dera \u00e0 leur suppression imm\u00e9diate d\u00e8s qu\u2019il disposera d\u2019une preuve fiable de leur existence.<\/p>\n<p>Si vous constatez sur le site web un contenu susceptible d&#039;enfreindre des droits de propri\u00e9t\u00e9 intellectuelle et industrielle, veuillez en informer le fournisseur d\u00e8s que possible en envoyant un courriel \u00e0 info@comercialdesondeos.com<\/p>","protected":false},"excerpt":{"rendered":"<p>El presente sitio web, incluyendo a t\u00edtulo enunciativo pero no limitativo su programaci\u00f3n, edici\u00f3n, compilaci\u00f3n, dise\u00f1os, logotipos, texto y\/o gr\u00e1ficos, son propiedad del responsable del sitio web, encontr\u00e1ndose protegidos por la normativa nacional e internacional sobre propiedad intelectual e industrial. El acceso por parte del usuario al sitio web no le otorga ning\u00fan derecho de [&hellip;]<\/p>\n","protected":false},"author":1,"featured_media":0,"parent":0,"menu_order":0,"comment_status":"closed","ping_status":"closed","template":"","meta":{"footnotes":""},"class_list":["post-2757","page","type-page","status-publish","hentry"],"_links":{"self":[{"href":"https:\/\/comercialdesondeos.com\/fr\/wp-json\/wp\/v2\/pages\/2757","targetHints":{"allow":["GET"]}}],"collection":[{"href":"https:\/\/comercialdesondeos.com\/fr\/wp-json\/wp\/v2\/pages"}],"about":[{"href":"https:\/\/comercialdesondeos.com\/fr\/wp-json\/wp\/v2\/types\/page"}],"author":[{"embeddable":true,"href":"https:\/\/comercialdesondeos.com\/fr\/wp-json\/wp\/v2\/users\/1"}],"replies":[{"embeddable":true,"href":"https:\/\/comercialdesondeos.com\/fr\/wp-json\/wp\/v2\/comments?post=2757"}],"version-history":[{"count":1,"href":"https:\/\/comercialdesondeos.com\/fr\/wp-json\/wp\/v2\/pages\/2757\/revisions"}],"predecessor-version":[{"id":2758,"href":"https:\/\/comercialdesondeos.com\/fr\/wp-json\/wp\/v2\/pages\/2757\/revisions\/2758"}],"wp:attachment":[{"href":"https:\/\/comercialdesondeos.com\/fr\/wp-json\/wp\/v2\/media?parent=2757"}],"curies":[{"name":"wp","href":"https:\/\/api.w.org\/{rel}","templated":true}]}}