{"id":2975,"date":"2026-02-19T12:17:55","date_gmt":"2026-02-19T12:17:55","guid":{"rendered":"https:\/\/comercialdesondeos.com\/?post_type=product&#038;p=2975"},"modified":"2026-02-19T12:18:34","modified_gmt":"2026-02-19T12:18:34","slug":"anclajes-de-barra","status":"publish","type":"product","link":"https:\/\/comercialdesondeos.com\/fr\/produit\/anclajes-de-barra\/","title":{"rendered":"Anclajes de Barra"},"content":{"rendered":"<p>Anclajes de barra de acero dise\u00f1ados para fijar y transmitir cargas al terreno o a estructuras. Incluyen barra roscada continua m\u00e1s placa, tuercas y accesorios seg\u00fan configuraci\u00f3n. Ideales para estabilizaci\u00f3n de muros, cimentaciones, anclajes provisionales o definitivos y refuerzos estructurales. Compatibles con diferentes di\u00e1metros y tratamientos superficiales.<\/p>\n<p>Precio por metro.<\/p>","protected":false},"excerpt":{"rendered":"<p>Anclajes de barra de acero dise\u00f1ados para fijar y transmitir cargas al terreno o a estructuras. Incluyen barra roscada continua m\u00e1s placa, tuercas y accesorios seg\u00fan configuraci\u00f3n. Ideales para estabilizaci\u00f3n de muros, cimentaciones, anclajes provisionales o definitivos y refuerzos estructurales. Compatibles con diferentes di\u00e1metros y tratamientos superficiales. Precio por metro.<\/p>","protected":false},"featured_media":2369,"comment_status":"open","ping_status":"closed","template":"","meta":[],"product_brand":[],"product_cat":[25],"product_tag":[],"class_list":{"0":"post-2975","1":"product","2":"type-product","3":"status-publish","4":"has-post-thumbnail","6":"product_cat-sin-categorizar","8":"first","9":"instock","10":"shipping-taxable","11":"purchasable","12":"product-type-simple"},"_links":{"self":[{"href":"https:\/\/comercialdesondeos.com\/fr\/wp-json\/wp\/v2\/product\/2975","targetHints":{"allow":["GET"]}}],"collection":[{"href":"https:\/\/comercialdesondeos.com\/fr\/wp-json\/wp\/v2\/product"}],"about":[{"href":"https:\/\/comercialdesondeos.com\/fr\/wp-json\/wp\/v2\/types\/product"}],"replies":[{"embeddable":true,"href":"https:\/\/comercialdesondeos.com\/fr\/wp-json\/wp\/v2\/comments?post=2975"}],"wp:featuredmedia":[{"embeddable":true,"href":"https:\/\/comercialdesondeos.com\/fr\/wp-json\/wp\/v2\/media\/2369"}],"wp:attachment":[{"href":"https:\/\/comercialdesondeos.com\/fr\/wp-json\/wp\/v2\/media?parent=2975"}],"wp:term":[{"taxonomy":"product_brand","embeddable":true,"href":"https:\/\/comercialdesondeos.com\/fr\/wp-json\/wp\/v2\/product_brand?post=2975"},{"taxonomy":"product_cat","embeddable":true,"href":"https:\/\/comercialdesondeos.com\/fr\/wp-json\/wp\/v2\/product_cat?post=2975"},{"taxonomy":"product_tag","embeddable":true,"href":"https:\/\/comercialdesondeos.com\/fr\/wp-json\/wp\/v2\/product_tag?post=2975"}],"curies":[{"name":"wp","href":"https:\/\/api.w.org\/{rel}","templated":true}]}}