{"id":2972,"date":"2026-02-19T11:54:30","date_gmt":"2026-02-19T11:54:30","guid":{"rendered":"https:\/\/comercialdesondeos.com\/?post_type=product&#038;p=2972"},"modified":"2026-02-19T12:12:57","modified_gmt":"2026-02-19T12:12:57","slug":"armadura-para-micropilotes","status":"publish","type":"product","link":"https:\/\/comercialdesondeos.com\/pt\/produto\/armadura-para-micropilotes\/","title":{"rendered":"Armadura para Micropilotes"},"content":{"rendered":"<p>Armadura para micropilotes fabricada en acero corrugado de alta adherencia, dise\u00f1ada para aportar resistencia y estabilidad en micropilotaje. Compatible con sistemas de inyecci\u00f3n habituales y disponible en distintas configuraciones y longitudes seg\u00fan proyecto. Ideal para recalces de cimentaci\u00f3n, refuerzo estructural y obras en espacios reducidos.<\/p>\n<p>Precio por metro.<\/p>","protected":false},"excerpt":{"rendered":"<p>Armadura para micropilotes fabricada en acero corrugado de alta adherencia, dise\u00f1ada para aportar resistencia y estabilidad en micropilotaje. Compatible con sistemas de inyecci\u00f3n habituales y disponible en distintas configuraciones y longitudes seg\u00fan proyecto. Ideal para recalces de cimentaci\u00f3n, refuerzo estructural y obras en espacios reducidos. Precio por metro.<\/p>","protected":false},"featured_media":2365,"comment_status":"open","ping_status":"closed","template":"","meta":[],"product_brand":[],"product_cat":[25],"product_tag":[],"class_list":{"0":"post-2972","1":"product","2":"type-product","3":"status-publish","4":"has-post-thumbnail","6":"product_cat-sin-categorizar","8":"first","9":"instock","10":"shipping-taxable","11":"purchasable","12":"product-type-simple"},"_links":{"self":[{"href":"https:\/\/comercialdesondeos.com\/pt\/wp-json\/wp\/v2\/product\/2972","targetHints":{"allow":["GET"]}}],"collection":[{"href":"https:\/\/comercialdesondeos.com\/pt\/wp-json\/wp\/v2\/product"}],"about":[{"href":"https:\/\/comercialdesondeos.com\/pt\/wp-json\/wp\/v2\/types\/product"}],"replies":[{"embeddable":true,"href":"https:\/\/comercialdesondeos.com\/pt\/wp-json\/wp\/v2\/comments?post=2972"}],"wp:featuredmedia":[{"embeddable":true,"href":"https:\/\/comercialdesondeos.com\/pt\/wp-json\/wp\/v2\/media\/2365"}],"wp:attachment":[{"href":"https:\/\/comercialdesondeos.com\/pt\/wp-json\/wp\/v2\/media?parent=2972"}],"wp:term":[{"taxonomy":"product_brand","embeddable":true,"href":"https:\/\/comercialdesondeos.com\/pt\/wp-json\/wp\/v2\/product_brand?post=2972"},{"taxonomy":"product_cat","embeddable":true,"href":"https:\/\/comercialdesondeos.com\/pt\/wp-json\/wp\/v2\/product_cat?post=2972"},{"taxonomy":"product_tag","embeddable":true,"href":"https:\/\/comercialdesondeos.com\/pt\/wp-json\/wp\/v2\/product_tag?post=2972"}],"curies":[{"name":"wp","href":"https:\/\/api.w.org\/{rel}","templated":true}]}}